{"id":138,"date":"2018-04-27T08:46:29","date_gmt":"2018-04-27T08:46:29","guid":{"rendered":"http:\/\/demo.themefreesia.com\/photograph\/?page_id=138"},"modified":"2019-12-02T21:49:09","modified_gmt":"2019-12-02T18:49:09","slug":"referanslar","status":"publish","type":"page","link":"https:\/\/www.pruvareklam.com\/index.php\/referanslar\/","title":{"rendered":"Referanslar"},"content":{"rendered":"\n<div class=\"display-posts-listing grid\"><div class=\"listing-item\"><a class=\"image\" href=\"https:\/\/www.pruvareklam.com\/index.php\/sette-cephe-giydirme\/\"><img loading=\"lazy\" decoding=\"async\" width=\"300\" height=\"179\" src=\"https:\/\/www.pruvareklam.com\/wp-content\/uploads\/2018\/04\/sette-cephe-giydirme-300x179.jpg\" class=\"attachment-medium size-medium wp-post-image\" alt=\"\" srcset=\"https:\/\/www.pruvareklam.com\/wp-content\/uploads\/2018\/04\/sette-cephe-giydirme-300x179.jpg 300w, https:\/\/www.pruvareklam.com\/wp-content\/uploads\/2018\/04\/sette-cephe-giydirme-1024x610.jpg 1024w, https:\/\/www.pruvareklam.com\/wp-content\/uploads\/2018\/04\/sette-cephe-giydirme-768x457.jpg 768w, https:\/\/www.pruvareklam.com\/wp-content\/uploads\/2018\/04\/sette-cephe-giydirme-1536x915.jpg 1536w, https:\/\/www.pruvareklam.com\/wp-content\/uploads\/2018\/04\/sette-cephe-giydirme.jpg 2000w\" sizes=\"auto, (max-width: 300px) 100vw, 300px\" \/><\/a> <a class=\"title\" href=\"https:\/\/www.pruvareklam.com\/index.php\/sette-cephe-giydirme\/\">Sette cephe giydirme<\/a><\/div><div class=\"listing-item\"><a class=\"image\" href=\"https:\/\/www.pruvareklam.com\/index.php\/isikli-tabela-uygulamasi-bob\/\"><img loading=\"lazy\" decoding=\"async\" width=\"300\" height=\"169\" src=\"https:\/\/www.pruvareklam.com\/wp-content\/uploads\/2018\/04\/bob_isikli_tabela2-300x169.jpg\" class=\"attachment-medium size-medium wp-post-image\" alt=\"\" srcset=\"https:\/\/www.pruvareklam.com\/wp-content\/uploads\/2018\/04\/bob_isikli_tabela2-300x169.jpg 300w, https:\/\/www.pruvareklam.com\/wp-content\/uploads\/2018\/04\/bob_isikli_tabela2-1024x578.jpg 1024w, https:\/\/www.pruvareklam.com\/wp-content\/uploads\/2018\/04\/bob_isikli_tabela2-768x433.jpg 768w, https:\/\/www.pruvareklam.com\/wp-content\/uploads\/2018\/04\/bob_isikli_tabela2-1536x867.jpg 1536w, https:\/\/www.pruvareklam.com\/wp-content\/uploads\/2018\/04\/bob_isikli_tabela2.jpg 1800w\" sizes=\"auto, (max-width: 300px) 100vw, 300px\" \/><\/a> <a class=\"title\" href=\"https:\/\/www.pruvareklam.com\/index.php\/isikli-tabela-uygulamasi-bob\/\">B.O.B. \u0131\u015f\u0131kl\u0131 tabela uygulamas\u0131<\/a><\/div><div class=\"listing-item\"><a class=\"image\" href=\"https:\/\/www.pruvareklam.com\/index.php\/isikli-tabela-uygulamasi-ayisigi-optik\/\"><img loading=\"lazy\" decoding=\"async\" width=\"300\" height=\"232\" src=\"https:\/\/www.pruvareklam.com\/wp-content\/uploads\/2018\/04\/ayisigi_isikli_tabela-300x232.jpg\" class=\"attachment-medium size-medium wp-post-image\" alt=\"\" srcset=\"https:\/\/www.pruvareklam.com\/wp-content\/uploads\/2018\/04\/ayisigi_isikli_tabela-300x232.jpg 300w, https:\/\/www.pruvareklam.com\/wp-content\/uploads\/2018\/04\/ayisigi_isikli_tabela-1024x791.jpg 1024w, https:\/\/www.pruvareklam.com\/wp-content\/uploads\/2018\/04\/ayisigi_isikli_tabela-768x593.jpg 768w, https:\/\/www.pruvareklam.com\/wp-content\/uploads\/2018\/04\/ayisigi_isikli_tabela-1536x1186.jpg 1536w, https:\/\/www.pruvareklam.com\/wp-content\/uploads\/2018\/04\/ayisigi_isikli_tabela-2048x1581.jpg 2048w\" sizes=\"auto, (max-width: 300px) 100vw, 300px\" \/><\/a> <a class=\"title\" href=\"https:\/\/www.pruvareklam.com\/index.php\/isikli-tabela-uygulamasi-ayisigi-optik\/\">Ay\u0131\u015f\u0131\u011f\u0131 Optik I\u015f\u0131kl\u0131 Tabela<\/a><\/div><div class=\"listing-item\"><a class=\"image\" href=\"https:\/\/www.pruvareklam.com\/index.php\/isikli-tabela-uygulamasi-ugetam-ibb\/\"><img loading=\"lazy\" decoding=\"async\" width=\"300\" height=\"169\" src=\"https:\/\/www.pruvareklam.com\/wp-content\/uploads\/2018\/04\/ugetam_isikli_tabela-300x169.jpg\" class=\"attachment-medium size-medium wp-post-image\" alt=\"\" srcset=\"https:\/\/www.pruvareklam.com\/wp-content\/uploads\/2018\/04\/ugetam_isikli_tabela-300x169.jpg 300w, https:\/\/www.pruvareklam.com\/wp-content\/uploads\/2018\/04\/ugetam_isikli_tabela-1024x576.jpg 1024w, https:\/\/www.pruvareklam.com\/wp-content\/uploads\/2018\/04\/ugetam_isikli_tabela-768x432.jpg 768w, https:\/\/www.pruvareklam.com\/wp-content\/uploads\/2018\/04\/ugetam_isikli_tabela-1536x864.jpg 1536w, https:\/\/www.pruvareklam.com\/wp-content\/uploads\/2018\/04\/ugetam_isikli_tabela.jpg 1800w\" sizes=\"auto, (max-width: 300px) 100vw, 300px\" \/><\/a> <a class=\"title\" href=\"https:\/\/www.pruvareklam.com\/index.php\/isikli-tabela-uygulamasi-ugetam-ibb\/\">Ugetam \u0130stanbul B\u00fcy\u00fck\u015fehir Belediyesi I\u015f\u0131kl\u0131 Tabela Uygulamas\u0131<\/a><\/div><div class=\"listing-item\"><a class=\"image\" href=\"https:\/\/www.pruvareklam.com\/index.php\/dijital-baski-uygulamasi-alchera\/\"><img loading=\"lazy\" decoding=\"async\" width=\"300\" height=\"225\" src=\"https:\/\/www.pruvareklam.com\/wp-content\/uploads\/2018\/04\/alchera_digital_baski-300x225.jpg\" class=\"attachment-medium size-medium wp-post-image\" alt=\"\" srcset=\"https:\/\/www.pruvareklam.com\/wp-content\/uploads\/2018\/04\/alchera_digital_baski-300x225.jpg 300w, https:\/\/www.pruvareklam.com\/wp-content\/uploads\/2018\/04\/alchera_digital_baski-1024x768.jpg 1024w, https:\/\/www.pruvareklam.com\/wp-content\/uploads\/2018\/04\/alchera_digital_baski-768x576.jpg 768w, https:\/\/www.pruvareklam.com\/wp-content\/uploads\/2018\/04\/alchera_digital_baski-1536x1152.jpg 1536w, https:\/\/www.pruvareklam.com\/wp-content\/uploads\/2018\/04\/alchera_digital_baski.jpg 1800w\" sizes=\"auto, (max-width: 300px) 100vw, 300px\" \/><\/a> <a class=\"title\" href=\"https:\/\/www.pruvareklam.com\/index.php\/dijital-baski-uygulamasi-alchera\/\">Alchera Dijital Bask\u0131<\/a><\/div><div class=\"listing-item\"><a class=\"image\" href=\"https:\/\/www.pruvareklam.com\/index.php\/tabela-uygulamasi-delta\/\"><img loading=\"lazy\" decoding=\"async\" width=\"186\" height=\"300\" src=\"https:\/\/www.pruvareklam.com\/wp-content\/uploads\/2018\/04\/delta_tabela-186x300.jpg\" class=\"attachment-medium size-medium wp-post-image\" alt=\"\" srcset=\"https:\/\/www.pruvareklam.com\/wp-content\/uploads\/2018\/04\/delta_tabela-186x300.jpg 186w, https:\/\/www.pruvareklam.com\/wp-content\/uploads\/2018\/04\/delta_tabela-634x1024.jpg 634w, https:\/\/www.pruvareklam.com\/wp-content\/uploads\/2018\/04\/delta_tabela.jpg 743w\" sizes=\"auto, (max-width: 186px) 100vw, 186px\" \/><\/a> <a class=\"title\" href=\"https:\/\/www.pruvareklam.com\/index.php\/tabela-uygulamasi-delta\/\">Delta Tabela Uygulamas\u0131<\/a><\/div><div class=\"listing-item\"><a class=\"image\" href=\"https:\/\/www.pruvareklam.com\/index.php\/dijital-baski-cocuk-karavani\/\"><img loading=\"lazy\" decoding=\"async\" width=\"300\" height=\"225\" src=\"https:\/\/www.pruvareklam.com\/wp-content\/uploads\/2018\/04\/cocuk_karavani_dijital_baski-300x225.jpg\" class=\"attachment-medium size-medium wp-post-image\" alt=\"\" srcset=\"https:\/\/www.pruvareklam.com\/wp-content\/uploads\/2018\/04\/cocuk_karavani_dijital_baski-300x225.jpg 300w, https:\/\/www.pruvareklam.com\/wp-content\/uploads\/2018\/04\/cocuk_karavani_dijital_baski-1024x768.jpg 1024w, https:\/\/www.pruvareklam.com\/wp-content\/uploads\/2018\/04\/cocuk_karavani_dijital_baski-768x576.jpg 768w, https:\/\/www.pruvareklam.com\/wp-content\/uploads\/2018\/04\/cocuk_karavani_dijital_baski-1536x1152.jpg 1536w, https:\/\/www.pruvareklam.com\/wp-content\/uploads\/2018\/04\/cocuk_karavani_dijital_baski.jpg 1800w\" sizes=\"auto, (max-width: 300px) 100vw, 300px\" \/><\/a> <a class=\"title\" href=\"https:\/\/www.pruvareklam.com\/index.php\/dijital-baski-cocuk-karavani\/\">\u00c7ocuk Karavan\u0131 Dijital Bask\u0131 ve Giydirme<\/a><\/div><div class=\"listing-item\"><a class=\"image\" href=\"https:\/\/www.pruvareklam.com\/index.php\/lassa-dijital-baski-giydirme\/\"><img loading=\"lazy\" decoding=\"async\" width=\"300\" height=\"225\" src=\"https:\/\/www.pruvareklam.com\/wp-content\/uploads\/2018\/04\/lassa_dijital_baski_giydirme-300x225.jpg\" class=\"attachment-medium size-medium wp-post-image\" alt=\"\" srcset=\"https:\/\/www.pruvareklam.com\/wp-content\/uploads\/2018\/04\/lassa_dijital_baski_giydirme-300x225.jpg 300w, https:\/\/www.pruvareklam.com\/wp-content\/uploads\/2018\/04\/lassa_dijital_baski_giydirme-1024x768.jpg 1024w, https:\/\/www.pruvareklam.com\/wp-content\/uploads\/2018\/04\/lassa_dijital_baski_giydirme-768x576.jpg 768w, https:\/\/www.pruvareklam.com\/wp-content\/uploads\/2018\/04\/lassa_dijital_baski_giydirme-1536x1152.jpg 1536w, https:\/\/www.pruvareklam.com\/wp-content\/uploads\/2018\/04\/lassa_dijital_baski_giydirme.jpg 1800w\" sizes=\"auto, (max-width: 300px) 100vw, 300px\" \/><\/a> <a class=\"title\" href=\"https:\/\/www.pruvareklam.com\/index.php\/lassa-dijital-baski-giydirme\/\">Lassa Dijital Bask\u0131 ve Giydirme<\/a><\/div><div class=\"listing-item\"><a class=\"image\" href=\"https:\/\/www.pruvareklam.com\/index.php\/giris-tabelasi-uygulamasi-biomex\/\"><img loading=\"lazy\" decoding=\"async\" width=\"300\" height=\"225\" src=\"https:\/\/www.pruvareklam.com\/wp-content\/uploads\/2018\/04\/giris_tabela_uygulamasi2-300x225.jpg\" class=\"attachment-medium size-medium wp-post-image\" alt=\"\" srcset=\"https:\/\/www.pruvareklam.com\/wp-content\/uploads\/2018\/04\/giris_tabela_uygulamasi2-300x225.jpg 300w, https:\/\/www.pruvareklam.com\/wp-content\/uploads\/2018\/04\/giris_tabela_uygulamasi2-1024x768.jpg 1024w, https:\/\/www.pruvareklam.com\/wp-content\/uploads\/2018\/04\/giris_tabela_uygulamasi2-768x576.jpg 768w, https:\/\/www.pruvareklam.com\/wp-content\/uploads\/2018\/04\/giris_tabela_uygulamasi2-1536x1152.jpg 1536w, https:\/\/www.pruvareklam.com\/wp-content\/uploads\/2018\/04\/giris_tabela_uygulamasi2.jpg 1800w\" sizes=\"auto, (max-width: 300px) 100vw, 300px\" \/><\/a> <a class=\"title\" href=\"https:\/\/www.pruvareklam.com\/index.php\/giris-tabelasi-uygulamasi-biomex\/\">Biomex Giri\u015f Tabelas\u0131 Uygulamas\u0131<\/a><\/div><div class=\"listing-item\"><a class=\"image\" href=\"https:\/\/www.pruvareklam.com\/index.php\/totem-tabela-uygulamasi-mikrolift\/\"><img loading=\"lazy\" decoding=\"async\" width=\"180\" height=\"300\" src=\"https:\/\/www.pruvareklam.com\/wp-content\/uploads\/2018\/04\/mikrolift_totem_tabela-180x300.jpg\" class=\"attachment-medium size-medium wp-post-image\" alt=\"\" srcset=\"https:\/\/www.pruvareklam.com\/wp-content\/uploads\/2018\/04\/mikrolift_totem_tabela-180x300.jpg 180w, https:\/\/www.pruvareklam.com\/wp-content\/uploads\/2018\/04\/mikrolift_totem_tabela-616x1024.jpg 616w, https:\/\/www.pruvareklam.com\/wp-content\/uploads\/2018\/04\/mikrolift_totem_tabela-768x1277.jpg 768w, https:\/\/www.pruvareklam.com\/wp-content\/uploads\/2018\/04\/mikrolift_totem_tabela.jpg 882w\" sizes=\"auto, (max-width: 180px) 100vw, 180px\" \/><\/a> <a class=\"title\" href=\"https:\/\/www.pruvareklam.com\/index.php\/totem-tabela-uygulamasi-mikrolift\/\">Mikrolift Totem Tabela Uygulamas\u0131<\/a><\/div><div class=\"listing-item\"><a class=\"image\" href=\"https:\/\/www.pruvareklam.com\/index.php\/stand-uygulamasi-lounge\/\"><img loading=\"lazy\" decoding=\"async\" width=\"300\" height=\"224\" src=\"https:\/\/www.pruvareklam.com\/wp-content\/uploads\/2019\/11\/lounge_stand_uygulamasi2-300x224.jpg\" class=\"attachment-medium size-medium wp-post-image\" alt=\"\" srcset=\"https:\/\/www.pruvareklam.com\/wp-content\/uploads\/2019\/11\/lounge_stand_uygulamasi2-300x224.jpg 300w, https:\/\/www.pruvareklam.com\/wp-content\/uploads\/2019\/11\/lounge_stand_uygulamasi2-768x573.jpg 768w, https:\/\/www.pruvareklam.com\/wp-content\/uploads\/2019\/11\/lounge_stand_uygulamasi2.jpg 800w\" sizes=\"auto, (max-width: 300px) 100vw, 300px\" \/><\/a> <a class=\"title\" href=\"https:\/\/www.pruvareklam.com\/index.php\/stand-uygulamasi-lounge\/\">Lounge Stand Uygulamas\u0131<\/a><\/div><div class=\"listing-item\"><a class=\"image\" href=\"https:\/\/www.pruvareklam.com\/index.php\/isikli-tabela-uygulamasi-parexel\/\"><img loading=\"lazy\" decoding=\"async\" width=\"300\" height=\"136\" src=\"https:\/\/www.pruvareklam.com\/wp-content\/uploads\/2018\/04\/parexal_isikli_tabela-300x136.jpg\" class=\"attachment-medium size-medium wp-post-image\" alt=\"\" srcset=\"https:\/\/www.pruvareklam.com\/wp-content\/uploads\/2018\/04\/parexal_isikli_tabela-300x136.jpg 300w, https:\/\/www.pruvareklam.com\/wp-content\/uploads\/2018\/04\/parexal_isikli_tabela-1024x464.jpg 1024w, https:\/\/www.pruvareklam.com\/wp-content\/uploads\/2018\/04\/parexal_isikli_tabela-768x348.jpg 768w, https:\/\/www.pruvareklam.com\/wp-content\/uploads\/2018\/04\/parexal_isikli_tabela-1536x695.jpg 1536w, https:\/\/www.pruvareklam.com\/wp-content\/uploads\/2018\/04\/parexal_isikli_tabela.jpg 1800w\" sizes=\"auto, (max-width: 300px) 100vw, 300px\" \/><\/a> <a class=\"title\" href=\"https:\/\/www.pruvareklam.com\/index.php\/isikli-tabela-uygulamasi-parexel\/\">Parexel I\u015f\u0131kl\u0131 Tabela Uygulamas\u0131<\/a><\/div><div class=\"listing-item\"><a class=\"image\" href=\"https:\/\/www.pruvareklam.com\/index.php\/stand-uygulamasi-jacobs\/\"><img loading=\"lazy\" decoding=\"async\" width=\"300\" height=\"225\" src=\"https:\/\/www.pruvareklam.com\/wp-content\/uploads\/2018\/04\/jacobs_stand_uygulama2-300x225.jpg\" class=\"attachment-medium size-medium wp-post-image\" alt=\"\" srcset=\"https:\/\/www.pruvareklam.com\/wp-content\/uploads\/2018\/04\/jacobs_stand_uygulama2-300x225.jpg 300w, https:\/\/www.pruvareklam.com\/wp-content\/uploads\/2018\/04\/jacobs_stand_uygulama2-1024x768.jpg 1024w, https:\/\/www.pruvareklam.com\/wp-content\/uploads\/2018\/04\/jacobs_stand_uygulama2-768x576.jpg 768w, https:\/\/www.pruvareklam.com\/wp-content\/uploads\/2018\/04\/jacobs_stand_uygulama2-1536x1152.jpg 1536w, https:\/\/www.pruvareklam.com\/wp-content\/uploads\/2018\/04\/jacobs_stand_uygulama2.jpg 1800w\" sizes=\"auto, (max-width: 300px) 100vw, 300px\" \/><\/a> <a class=\"title\" href=\"https:\/\/www.pruvareklam.com\/index.php\/stand-uygulamasi-jacobs\/\">Jacobs Stand Uygulamas\u0131<\/a><\/div><div class=\"listing-item\"><a class=\"image\" href=\"https:\/\/www.pruvareklam.com\/index.php\/dijital-baski-giydirme-turkova\/\"><img loading=\"lazy\" decoding=\"async\" width=\"300\" height=\"168\" src=\"https:\/\/www.pruvareklam.com\/wp-content\/uploads\/2018\/04\/turkova_dijital_baski-300x168.jpg\" class=\"attachment-medium size-medium wp-post-image\" alt=\"\" srcset=\"https:\/\/www.pruvareklam.com\/wp-content\/uploads\/2018\/04\/turkova_dijital_baski-300x168.jpg 300w, https:\/\/www.pruvareklam.com\/wp-content\/uploads\/2018\/04\/turkova_dijital_baski-1024x574.jpg 1024w, https:\/\/www.pruvareklam.com\/wp-content\/uploads\/2018\/04\/turkova_dijital_baski-768x431.jpg 768w, https:\/\/www.pruvareklam.com\/wp-content\/uploads\/2018\/04\/turkova_dijital_baski-1536x861.jpg 1536w, https:\/\/www.pruvareklam.com\/wp-content\/uploads\/2018\/04\/turkova_dijital_baski.jpg 1800w\" sizes=\"auto, (max-width: 300px) 100vw, 300px\" \/><\/a> <a class=\"title\" href=\"https:\/\/www.pruvareklam.com\/index.php\/dijital-baski-giydirme-turkova\/\">T\u00fcrkova Dijital Bask\u0131 ve Giydirme<\/a><\/div><div class=\"listing-item\"><a class=\"image\" href=\"https:\/\/www.pruvareklam.com\/index.php\/tabela-uygulamasi-alchera\/\"><img loading=\"lazy\" decoding=\"async\" width=\"300\" height=\"225\" src=\"https:\/\/www.pruvareklam.com\/wp-content\/uploads\/2018\/04\/alchera_tabela_uygulamasi2-300x225.jpg\" class=\"attachment-medium size-medium wp-post-image\" alt=\"\" srcset=\"https:\/\/www.pruvareklam.com\/wp-content\/uploads\/2018\/04\/alchera_tabela_uygulamasi2-300x225.jpg 300w, https:\/\/www.pruvareklam.com\/wp-content\/uploads\/2018\/04\/alchera_tabela_uygulamasi2-1024x768.jpg 1024w, https:\/\/www.pruvareklam.com\/wp-content\/uploads\/2018\/04\/alchera_tabela_uygulamasi2-768x576.jpg 768w, https:\/\/www.pruvareklam.com\/wp-content\/uploads\/2018\/04\/alchera_tabela_uygulamasi2-1536x1152.jpg 1536w, https:\/\/www.pruvareklam.com\/wp-content\/uploads\/2018\/04\/alchera_tabela_uygulamasi2.jpg 1800w\" sizes=\"auto, (max-width: 300px) 100vw, 300px\" \/><\/a> <a class=\"title\" href=\"https:\/\/www.pruvareklam.com\/index.php\/tabela-uygulamasi-alchera\/\">Alchera Tabela Uygulamas\u0131<\/a><\/div><div class=\"listing-item\"><a class=\"image\" href=\"https:\/\/www.pruvareklam.com\/index.php\/arac-giydirme-yilmaz-gumus\/\"><img loading=\"lazy\" decoding=\"async\" width=\"300\" height=\"225\" src=\"https:\/\/www.pruvareklam.com\/wp-content\/uploads\/2018\/04\/yilmaz_gumus_arac_giydirme-300x225.jpg\" class=\"attachment-medium size-medium wp-post-image\" alt=\"\" srcset=\"https:\/\/www.pruvareklam.com\/wp-content\/uploads\/2018\/04\/yilmaz_gumus_arac_giydirme-300x225.jpg 300w, https:\/\/www.pruvareklam.com\/wp-content\/uploads\/2018\/04\/yilmaz_gumus_arac_giydirme-1024x768.jpg 1024w, https:\/\/www.pruvareklam.com\/wp-content\/uploads\/2018\/04\/yilmaz_gumus_arac_giydirme-768x576.jpg 768w, https:\/\/www.pruvareklam.com\/wp-content\/uploads\/2018\/04\/yilmaz_gumus_arac_giydirme-1536x1152.jpg 1536w, https:\/\/www.pruvareklam.com\/wp-content\/uploads\/2018\/04\/yilmaz_gumus_arac_giydirme.jpg 1800w\" sizes=\"auto, (max-width: 300px) 100vw, 300px\" \/><\/a> <a class=\"title\" href=\"https:\/\/www.pruvareklam.com\/index.php\/arac-giydirme-yilmaz-gumus\/\">Okul Arac\u0131 Giydirme<\/a><\/div><div class=\"listing-item\"><a class=\"image\" href=\"https:\/\/www.pruvareklam.com\/index.php\/stand-uygulamasi-algida\/\"><img loading=\"lazy\" decoding=\"async\" width=\"300\" height=\"225\" src=\"https:\/\/www.pruvareklam.com\/wp-content\/uploads\/2018\/04\/algida_stand_uygulamasi-300x225.jpg\" class=\"attachment-medium size-medium wp-post-image\" alt=\"\" srcset=\"https:\/\/www.pruvareklam.com\/wp-content\/uploads\/2018\/04\/algida_stand_uygulamasi-300x225.jpg 300w, https:\/\/www.pruvareklam.com\/wp-content\/uploads\/2018\/04\/algida_stand_uygulamasi-1024x768.jpg 1024w, https:\/\/www.pruvareklam.com\/wp-content\/uploads\/2018\/04\/algida_stand_uygulamasi-768x576.jpg 768w, https:\/\/www.pruvareklam.com\/wp-content\/uploads\/2018\/04\/algida_stand_uygulamasi.jpg 1280w\" sizes=\"auto, (max-width: 300px) 100vw, 300px\" \/><\/a> <a class=\"title\" href=\"https:\/\/www.pruvareklam.com\/index.php\/stand-uygulamasi-algida\/\">Algida Stand Uygulamas\u0131<\/a><\/div><div class=\"listing-item\"><a class=\"image\" href=\"https:\/\/www.pruvareklam.com\/index.php\/isikli-tabela-uygulamasi-zerafet-pastanesi\/\"><img loading=\"lazy\" decoding=\"async\" width=\"165\" height=\"300\" src=\"https:\/\/www.pruvareklam.com\/wp-content\/uploads\/2018\/04\/zerafet_pastanesi_isikli_tabela-165x300.jpg\" class=\"attachment-medium size-medium wp-post-image\" alt=\"\" srcset=\"https:\/\/www.pruvareklam.com\/wp-content\/uploads\/2018\/04\/zerafet_pastanesi_isikli_tabela-165x300.jpg 165w, https:\/\/www.pruvareklam.com\/wp-content\/uploads\/2018\/04\/zerafet_pastanesi_isikli_tabela-563x1024.jpg 563w, https:\/\/www.pruvareklam.com\/wp-content\/uploads\/2018\/04\/zerafet_pastanesi_isikli_tabela-768x1396.jpg 768w, https:\/\/www.pruvareklam.com\/wp-content\/uploads\/2018\/04\/zerafet_pastanesi_isikli_tabela-845x1536.jpg 845w, https:\/\/www.pruvareklam.com\/wp-content\/uploads\/2018\/04\/zerafet_pastanesi_isikli_tabela.jpg 990w\" sizes=\"auto, (max-width: 165px) 100vw, 165px\" \/><\/a> <a class=\"title\" href=\"https:\/\/www.pruvareklam.com\/index.php\/isikli-tabela-uygulamasi-zerafet-pastanesi\/\">Zerafet Pastanesi I\u015f\u0131kl\u0131 Tabela Uygulamas\u0131<\/a><\/div><\/div>\n\n\n\n<p><\/p>\n","protected":false},"excerpt":{"rendered":"","protected":false},"author":1,"featured_media":0,"parent":0,"menu_order":0,"comment_status":"closed","ping_status":"closed","template":"page-templates\/gallery-template.php","meta":{"spay_email":"","footnotes":""},"class_list":["post-138","page","type-page","status-publish","hentry"],"_links":{"self":[{"href":"https:\/\/www.pruvareklam.com\/index.php\/wp-json\/wp\/v2\/pages\/138","targetHints":{"allow":["GET"]}}],"collection":[{"href":"https:\/\/www.pruvareklam.com\/index.php\/wp-json\/wp\/v2\/pages"}],"about":[{"href":"https:\/\/www.pruvareklam.com\/index.php\/wp-json\/wp\/v2\/types\/page"}],"author":[{"embeddable":true,"href":"https:\/\/www.pruvareklam.com\/index.php\/wp-json\/wp\/v2\/users\/1"}],"replies":[{"embeddable":true,"href":"https:\/\/www.pruvareklam.com\/index.php\/wp-json\/wp\/v2\/comments?post=138"}],"version-history":[{"count":11,"href":"https:\/\/www.pruvareklam.com\/index.php\/wp-json\/wp\/v2\/pages\/138\/revisions"}],"predecessor-version":[{"id":307,"href":"https:\/\/www.pruvareklam.com\/index.php\/wp-json\/wp\/v2\/pages\/138\/revisions\/307"}],"wp:attachment":[{"href":"https:\/\/www.pruvareklam.com\/index.php\/wp-json\/wp\/v2\/media?parent=138"}],"curies":[{"name":"wp","href":"https:\/\/api.w.org\/{rel}","templated":true}]}}